{"id":36061,"date":"2019-10-15T12:28:13","date_gmt":"2019-10-15T10:28:13","guid":{"rendered":"https:\/\/www.viscollageen.nl\/product\/12x-viscollageen-ca-1-jaar-gebruik\/"},"modified":"2026-04-10T10:31:53","modified_gmt":"2026-04-10T08:31:53","slug":"12x-viscollageen-ca-1-jaar-gebruik","status":"publish","type":"product","link":"https:\/\/www.viscollageen.nl\/be\/product\/12x-viscollageen-ca-1-jaar-gebruik\/","title":{"rendered":"Viscollageen Hydrolysaat 12X"},"content":{"rendered":"<p>\u2714 Collageen is een bron van eiwitten<br \/>\n\u2714 Collageen is een veelvoorkomend eiwit in ons lichaam<br \/>\n\u2714 Neutraal van smaak en eenvoudig te mengen<\/p>\n<h5>Gebruik en dosering<\/h5>\n<p>Lekker in warme dranken, zoals koffie of thee. Ook lekker door water, sap, smoothies, shakes of yoghurt.<br \/>\nMeng dagelijks 10 gram collageenpoeder met een vloeistof naar keuze. Dit komt overeen met \u00e9\u00e9n maatschepje of twee afgestreken eetlepels.<\/p>\n<p>Dosering: Een dosering bevat 10 gram collageen<\/p>\n<p><strong>Ingredi\u00ebnten:<\/strong> 100% viscollageen<\/p>\n<p><strong>Gebruik:<\/strong> Neem per dag 2 eetlepels (10 gram) viscollageen voor optimaal resultaat. Eenvoudig te mengen hydrolysaatpoeder, met bijvoorbeeld water, sap, smoothies, shakes, thee of yoghurt.<\/p>\n<p><strong>Voedingswaarde (per 100 gram):<\/strong> 362 kcal\/1496 kJ; vet 0,0g; waarvan verzadigd vet 0,0g; eiwit &gt; 90g; koolhydraten 0,0g; waarvan suikers 0,0g; zout 0,02g.<\/p>\n<h2>Aanbieding met een scherpe prijs door de voordeelverpakking<\/h2>\n<p>Met het jaarpakket profiteer je van de scherpe prijs.\u00a0 Nieuw: Kijk ook naar onze nieuwe product &#8211; <a href=\"https:\/\/www.viscollageen.nl\/product\/marine-collageen-met-vitamine-c\/\"><span style=\"text-decoration: underline;\">marine collageen<\/span><\/a><\/p>\n","protected":false},"excerpt":{"rendered":"<p><strong>Ontvang 12 zakken Vis Collageen 300 gram, voor een jaar lang voorraad! Profiteer zo van korting &amp; gratis verzending.<\/strong><\/p>\n<p>Collageen gemaakt van \u00e9\u00e9n eenvoudig ingredi\u00ebnt, neutraal van smaak en kan toegevoegd worden aan zowel warme als koude dranken of verwerkt in recepten. Collageen is het meest voorkomende eiwit in ons lichaam.\u00a0Onze collageenpoeders bevatten viscollageen peptiden, uit duurzame vis bronnen en bevat geen kunstmatige toevoegingen. Collageen past goed binnen een bewuste levensstijl. Probeer het zelf en ontdek hoe makkelijk het te gebruiken is!<\/p>\n<p><strong>Natuurlijk collageen van vis<\/strong><\/p>\n<p>100% natuurlijk viscollageen. Het is gehydrolyseerd tot een fijn poeder en is daardoor eenvoudig te mengen. Dit product bevat meer dan 90% eiwit, zonder toevoegingen, en is een uitstekende bron van essenti\u00eble aminozuren. Dankzij de neutrale smaak en uitstekende oplosbaarheid is dit collageenpoeder eenvoudig toe te voegen aan je dagelijkse voeding.<\/p>\n<p><strong>\u2714\u00a0<\/strong>Bevat puur gehydrolyseerd collageenpeptide<br \/>\n<strong>\u2714<\/strong>\u00a0Eenvoudig toe te voegen aan thee, sap of smoothies<br \/>\n<strong>\u2714<\/strong>\u00a0Lost snel op, makkelijk te mengen<br \/>\n\u2714 Collageen is een bron van eiwitten<br \/>\n<strong>\u2714<\/strong>\u00a0Puur en natuurlijk \u2013 zonder toevoegingen, kleurstoffen of smaakstoffen<br \/>\n<strong>\u2714<\/strong>\u00a0Gewonnen uit huid en graat van vis \u2013 het draagt actief bij aan het voorkomen van voedselverspilling<\/p>\n<p><strong>Collageen type 1<\/strong><\/p>\n<p>Viscollageen bestaat voornamelijk uit\u00a0<strong>type I collageen<\/strong>\u00a0en bevat o.a. de aminozuren\u00a0<strong>proline, glycine en hydroxyproline<\/strong><\/p>\n","protected":false},"featured_media":30940,"template":"","meta":[],"product_brand":[],"product_cat":[287],"product_tag":[],"class_list":{"0":"post-36061","1":"product","2":"type-product","3":"status-publish","4":"has-post-thumbnail","6":"product_cat-collageen","8":"first","9":"instock","10":"sale","11":"taxable","12":"shipping-taxable","13":"purchasable","14":"product-type-simple"},"yoast_head":"<!-- This site is optimized with the Yoast SEO plugin v25.4 - https:\/\/yoast.com\/wordpress\/plugins\/seo\/ -->\n<title>Collageen Poeder - Jaarpakket - Voordeelverpakking met Korting<\/title>\n<meta name=\"description\" content=\"Viscollageen gemaakt van duurzaam gevangen vis. Bevat g\u00e9\u00e9n toevoegingen. Neutraal van smaak. 12 zakken Collageen Poeder met korting\" \/>\n<meta name=\"robots\" content=\"index, follow, max-snippet:-1, max-image-preview:large, max-video-preview:-1\" \/>\n<link rel=\"canonical\" href=\"https:\/\/www.viscollageen.nl\/be\/product\/12x-viscollageen-ca-1-jaar-gebruik\/\" \/>\n<meta property=\"og:locale\" content=\"nl_BE\" \/>\n<meta property=\"og:type\" content=\"article\" \/>\n<meta property=\"og:title\" content=\"Collageen Poeder - Jaarpakket - Voordeelverpakking met Korting\" \/>\n<meta property=\"og:description\" content=\"Viscollageen gemaakt van duurzaam gevangen vis. Bevat g\u00e9\u00e9n toevoegingen. Neutraal van smaak. 12 zakken Collageen Poeder met korting\" \/>\n<meta property=\"og:url\" content=\"https:\/\/www.viscollageen.nl\/be\/product\/12x-viscollageen-ca-1-jaar-gebruik\/\" \/>\n<meta property=\"og:site_name\" content=\"Vis Collageen\" \/>\n<meta property=\"article:modified_time\" content=\"2026-04-10T08:31:53+00:00\" \/>\n<meta property=\"og:image\" content=\"https:\/\/www.viscollageen.nl\/wp-content\/uploads\/2019\/10\/Viscolageen_jaarabonnement-x12-anders.png\" \/>\n\t<meta property=\"og:image:width\" content=\"1200\" \/>\n\t<meta property=\"og:image:height\" content=\"630\" \/>\n\t<meta property=\"og:image:type\" content=\"image\/png\" \/>\n<meta name=\"twitter:card\" content=\"summary_large_image\" \/>\n<meta name=\"twitter:label1\" content=\"Est. reading time\" \/>\n\t<meta name=\"twitter:data1\" content=\"1 minute\" \/>\n<script type=\"application\/ld+json\" class=\"yoast-schema-graph\">{\"@context\":\"https:\/\/schema.org\",\"@graph\":[{\"@type\":\"WebPage\",\"@id\":\"https:\/\/www.viscollageen.nl\/be\/product\/12x-viscollageen-ca-1-jaar-gebruik\/\",\"url\":\"https:\/\/www.viscollageen.nl\/be\/product\/12x-viscollageen-ca-1-jaar-gebruik\/\",\"name\":\"Collageen Poeder - Jaarpakket - Voordeelverpakking met Korting\",\"isPartOf\":{\"@id\":\"https:\/\/www.viscollageen.nl\/be\/#website\"},\"primaryImageOfPage\":{\"@id\":\"https:\/\/www.viscollageen.nl\/be\/product\/12x-viscollageen-ca-1-jaar-gebruik\/#primaryimage\"},\"image\":{\"@id\":\"https:\/\/www.viscollageen.nl\/be\/product\/12x-viscollageen-ca-1-jaar-gebruik\/#primaryimage\"},\"thumbnailUrl\":\"https:\/\/www.viscollageen.nl\/wp-content\/uploads\/2019\/10\/Viscolageen_jaarabonnement-x12-anders.png\",\"datePublished\":\"2019-10-15T10:28:13+00:00\",\"dateModified\":\"2026-04-10T08:31:53+00:00\",\"description\":\"Viscollageen gemaakt van duurzaam gevangen vis. Bevat g\u00e9\u00e9n toevoegingen. Neutraal van smaak. 12 zakken Collageen Poeder met korting\",\"breadcrumb\":{\"@id\":\"https:\/\/www.viscollageen.nl\/be\/product\/12x-viscollageen-ca-1-jaar-gebruik\/#breadcrumb\"},\"inLanguage\":\"nl-BE\",\"potentialAction\":[{\"@type\":\"ReadAction\",\"target\":[\"https:\/\/www.viscollageen.nl\/be\/product\/12x-viscollageen-ca-1-jaar-gebruik\/\"]}]},{\"@type\":\"ImageObject\",\"inLanguage\":\"nl-BE\",\"@id\":\"https:\/\/www.viscollageen.nl\/be\/product\/12x-viscollageen-ca-1-jaar-gebruik\/#primaryimage\",\"url\":\"https:\/\/www.viscollageen.nl\/wp-content\/uploads\/2019\/10\/Viscolageen_jaarabonnement-x12-anders.png\",\"contentUrl\":\"https:\/\/www.viscollageen.nl\/wp-content\/uploads\/2019\/10\/Viscolageen_jaarabonnement-x12-anders.png\",\"width\":1200,\"height\":630},{\"@type\":\"BreadcrumbList\",\"@id\":\"https:\/\/www.viscollageen.nl\/be\/product\/12x-viscollageen-ca-1-jaar-gebruik\/#breadcrumb\",\"itemListElement\":[{\"@type\":\"ListItem\",\"position\":1,\"name\":\"Home\",\"item\":\"https:\/\/www.viscollageen.nl\/be\/\"},{\"@type\":\"ListItem\",\"position\":2,\"name\":\"Producten\",\"item\":\"https:\/\/www.viscollageen.nl\/be\/producten\/\"},{\"@type\":\"ListItem\",\"position\":3,\"name\":\"Viscollageen Hydrolysaat 12X\"}]},{\"@type\":\"WebSite\",\"@id\":\"https:\/\/www.viscollageen.nl\/be\/#website\",\"url\":\"https:\/\/www.viscollageen.nl\/be\/\",\"name\":\"Vis Collageen\",\"description\":\"Puur collageen puur resultaat\",\"publisher\":{\"@id\":\"https:\/\/www.viscollageen.nl\/be\/#organization\"},\"potentialAction\":[{\"@type\":\"SearchAction\",\"target\":{\"@type\":\"EntryPoint\",\"urlTemplate\":\"https:\/\/www.viscollageen.nl\/be\/?s={search_term_string}\"},\"query-input\":{\"@type\":\"PropertyValueSpecification\",\"valueRequired\":true,\"valueName\":\"search_term_string\"}}],\"inLanguage\":\"nl-BE\"},{\"@type\":\"Organization\",\"@id\":\"https:\/\/www.viscollageen.nl\/be\/#organization\",\"name\":\"Vis Collageen\",\"url\":\"https:\/\/www.viscollageen.nl\/be\/\",\"logo\":{\"@type\":\"ImageObject\",\"inLanguage\":\"nl-BE\",\"@id\":\"https:\/\/www.viscollageen.nl\/be\/#\/schema\/logo\/image\/\",\"url\":\"https:\/\/www.viscollageen.nl\/wp-content\/uploads\/2023\/11\/logo_cropped.png\",\"contentUrl\":\"https:\/\/www.viscollageen.nl\/wp-content\/uploads\/2023\/11\/logo_cropped.png\",\"width\":1658,\"height\":320,\"caption\":\"Vis Collageen\"},\"image\":{\"@id\":\"https:\/\/www.viscollageen.nl\/be\/#\/schema\/logo\/image\/\"}}]}<\/script>\n<!-- \/ Yoast SEO plugin. -->","yoast_head_json":{"title":"Collageen Poeder - Jaarpakket - Voordeelverpakking met Korting","description":"Viscollageen gemaakt van duurzaam gevangen vis. Bevat g\u00e9\u00e9n toevoegingen. Neutraal van smaak. 12 zakken Collageen Poeder met korting","robots":{"index":"index","follow":"follow","max-snippet":"max-snippet:-1","max-image-preview":"max-image-preview:large","max-video-preview":"max-video-preview:-1"},"canonical":"https:\/\/www.viscollageen.nl\/be\/product\/12x-viscollageen-ca-1-jaar-gebruik\/","og_locale":"nl_BE","og_type":"article","og_title":"Collageen Poeder - Jaarpakket - Voordeelverpakking met Korting","og_description":"Viscollageen gemaakt van duurzaam gevangen vis. Bevat g\u00e9\u00e9n toevoegingen. Neutraal van smaak. 12 zakken Collageen Poeder met korting","og_url":"https:\/\/www.viscollageen.nl\/be\/product\/12x-viscollageen-ca-1-jaar-gebruik\/","og_site_name":"Vis Collageen","article_modified_time":"2026-04-10T08:31:53+00:00","og_image":[{"width":1200,"height":630,"url":"https:\/\/www.viscollageen.nl\/wp-content\/uploads\/2019\/10\/Viscolageen_jaarabonnement-x12-anders.png","type":"image\/png"}],"twitter_card":"summary_large_image","twitter_misc":{"Est. reading time":"1 minute"},"schema":{"@context":"https:\/\/schema.org","@graph":[{"@type":"WebPage","@id":"https:\/\/www.viscollageen.nl\/be\/product\/12x-viscollageen-ca-1-jaar-gebruik\/","url":"https:\/\/www.viscollageen.nl\/be\/product\/12x-viscollageen-ca-1-jaar-gebruik\/","name":"Collageen Poeder - Jaarpakket - Voordeelverpakking met Korting","isPartOf":{"@id":"https:\/\/www.viscollageen.nl\/be\/#website"},"primaryImageOfPage":{"@id":"https:\/\/www.viscollageen.nl\/be\/product\/12x-viscollageen-ca-1-jaar-gebruik\/#primaryimage"},"image":{"@id":"https:\/\/www.viscollageen.nl\/be\/product\/12x-viscollageen-ca-1-jaar-gebruik\/#primaryimage"},"thumbnailUrl":"https:\/\/www.viscollageen.nl\/wp-content\/uploads\/2019\/10\/Viscolageen_jaarabonnement-x12-anders.png","datePublished":"2019-10-15T10:28:13+00:00","dateModified":"2026-04-10T08:31:53+00:00","description":"Viscollageen gemaakt van duurzaam gevangen vis. Bevat g\u00e9\u00e9n toevoegingen. Neutraal van smaak. 12 zakken Collageen Poeder met korting","breadcrumb":{"@id":"https:\/\/www.viscollageen.nl\/be\/product\/12x-viscollageen-ca-1-jaar-gebruik\/#breadcrumb"},"inLanguage":"nl-BE","potentialAction":[{"@type":"ReadAction","target":["https:\/\/www.viscollageen.nl\/be\/product\/12x-viscollageen-ca-1-jaar-gebruik\/"]}]},{"@type":"ImageObject","inLanguage":"nl-BE","@id":"https:\/\/www.viscollageen.nl\/be\/product\/12x-viscollageen-ca-1-jaar-gebruik\/#primaryimage","url":"https:\/\/www.viscollageen.nl\/wp-content\/uploads\/2019\/10\/Viscolageen_jaarabonnement-x12-anders.png","contentUrl":"https:\/\/www.viscollageen.nl\/wp-content\/uploads\/2019\/10\/Viscolageen_jaarabonnement-x12-anders.png","width":1200,"height":630},{"@type":"BreadcrumbList","@id":"https:\/\/www.viscollageen.nl\/be\/product\/12x-viscollageen-ca-1-jaar-gebruik\/#breadcrumb","itemListElement":[{"@type":"ListItem","position":1,"name":"Home","item":"https:\/\/www.viscollageen.nl\/be\/"},{"@type":"ListItem","position":2,"name":"Producten","item":"https:\/\/www.viscollageen.nl\/be\/producten\/"},{"@type":"ListItem","position":3,"name":"Viscollageen Hydrolysaat 12X"}]},{"@type":"WebSite","@id":"https:\/\/www.viscollageen.nl\/be\/#website","url":"https:\/\/www.viscollageen.nl\/be\/","name":"Vis Collageen","description":"Puur collageen puur resultaat","publisher":{"@id":"https:\/\/www.viscollageen.nl\/be\/#organization"},"potentialAction":[{"@type":"SearchAction","target":{"@type":"EntryPoint","urlTemplate":"https:\/\/www.viscollageen.nl\/be\/?s={search_term_string}"},"query-input":{"@type":"PropertyValueSpecification","valueRequired":true,"valueName":"search_term_string"}}],"inLanguage":"nl-BE"},{"@type":"Organization","@id":"https:\/\/www.viscollageen.nl\/be\/#organization","name":"Vis Collageen","url":"https:\/\/www.viscollageen.nl\/be\/","logo":{"@type":"ImageObject","inLanguage":"nl-BE","@id":"https:\/\/www.viscollageen.nl\/be\/#\/schema\/logo\/image\/","url":"https:\/\/www.viscollageen.nl\/wp-content\/uploads\/2023\/11\/logo_cropped.png","contentUrl":"https:\/\/www.viscollageen.nl\/wp-content\/uploads\/2023\/11\/logo_cropped.png","width":1658,"height":320,"caption":"Vis Collageen"},"image":{"@id":"https:\/\/www.viscollageen.nl\/be\/#\/schema\/logo\/image\/"}}]}},"_links":{"self":[{"href":"https:\/\/www.viscollageen.nl\/be\/wp-json\/wp\/v2\/product\/36061","targetHints":{"allow":["GET"]}}],"collection":[{"href":"https:\/\/www.viscollageen.nl\/be\/wp-json\/wp\/v2\/product"}],"about":[{"href":"https:\/\/www.viscollageen.nl\/be\/wp-json\/wp\/v2\/types\/product"}],"wp:featuredmedia":[{"embeddable":true,"href":"https:\/\/www.viscollageen.nl\/be\/wp-json\/wp\/v2\/media\/30940"}],"wp:attachment":[{"href":"https:\/\/www.viscollageen.nl\/be\/wp-json\/wp\/v2\/media?parent=36061"}],"wp:term":[{"taxonomy":"product_brand","embeddable":true,"href":"https:\/\/www.viscollageen.nl\/be\/wp-json\/wp\/v2\/product_brand?post=36061"},{"taxonomy":"product_cat","embeddable":true,"href":"https:\/\/www.viscollageen.nl\/be\/wp-json\/wp\/v2\/product_cat?post=36061"},{"taxonomy":"product_tag","embeddable":true,"href":"https:\/\/www.viscollageen.nl\/be\/wp-json\/wp\/v2\/product_tag?post=36061"}],"curies":[{"name":"wp","href":"https:\/\/api.w.org\/{rel}","templated":true}]}}