{"id":19320,"date":"2019-11-12T12:29:18","date_gmt":"2019-11-12T11:29:18","guid":{"rendered":"https:\/\/www.viscollageen.nl\/?post_type=product&#038;p=19320"},"modified":"2026-05-04T11:58:13","modified_gmt":"2026-05-04T09:58:13","slug":"viscollageen-hydrolysaat","status":"publish","type":"product","link":"https:\/\/www.viscollageen.nl\/be\/product\/viscollageen-hydrolysaat\/","title":{"rendered":"Viscollageen Hydrolysaat Poeder"},"content":{"rendered":"<p style=\"margin-top: 0cm; background: white;\"><span style=\"font-size: 13.5pt; font-family: Karla; color: #707070;\">In de verpakking zit 300 gram collageenpoeder. De verpakking is daarmee goed voor 30 dagen gebruik.<br \/>\n<strong><span style=\"font-family: Karla;\">Bewaaradvies:<\/span><\/strong> Bij kamertemperatuur en droog bewaren.<\/span><\/p>\n<p>\u2714 Collageen is een bron van eiwitten<br \/>\n\u2714 Collageen is een veelvoorkomend eiwit in ons lichaam<br \/>\n\u2714 Neutraal van smaak en eenvoudig te mengen<\/p>\n<h5>Gebruik en dosering<\/h5>\n<p>Lekker in warme dranken, zoals koffie of thee. Ook lekker door water, sap, smoothies, shakes of yoghurt.<br \/>\nMeng dagelijks 10 gram collageenpoeder met vloeistof naar keuze. Dit komt overeen met \u00e9\u00e9n maatschepje of twee afgestreken eetlepels.<\/p>\n<p>Dosering: Een dosering bevat 10 gram viscollageen.<\/p>\n<h5>Voedingsinformatie<\/h5>\n<p><strong>Ingredi\u00ebnten:<\/strong> 100% vis collageen hydrolysaat<\/p>\n<p><strong>Allergenen<\/strong>: Bevat vis<\/p>\n<p><strong>Voedingswaarde<\/strong> (per 100 gram): 362 kcal\/1496 kJ; vet 0,0g; waarvan verzadigd vet 0,0g; eiwit &gt; 90g; koolhydraten 0,0g; waarvan suikers 0,0g; zout 0,02g<\/p>\n<p style=\"margin-top: 0cm; background: white;\"><strong><span style=\"font-size: 13.5pt; font-family: Karla; color: #707070;\">Gemiddeld aminozuurprofiel per 100g:<\/span><\/strong><span style=\"font-size: 13.5pt; font-family: Karla; color: #707070;\"> Asparaginezuur 6,25%; Alanine 8,64%; Arginine 11,00%; Cyste\u00efne 0,00 %; Glutaminezuur 10,02%; Glycine 25,16%; Histidine 1,37%; Hydroxyproline 5,33%; Isoleucine 1,23%; Leucine 2,59%; Lysine 4,13%; Methionine 1,73%; Fenylalanin 2,19%; Proline 7,39%; Serine 7,23%; Threonine 2,69%; Tyrosine 0,66%; Valine 2,29%<\/span><\/p>\n","protected":false},"excerpt":{"rendered":"<p><strong>Vanaf 3 zakken heeft u geen verzendkosten.<\/strong><\/p>\n<p>Collageen gemaakt van \u00e9\u00e9n eenvoudig ingredi\u00ebnt, neutraal van smaak en kan toegevoegd worden aan zowel warme als koude dranken of verwerkt in recepten. Collageen is een structureel eiwit in ons lichaam. Onze collageenpoeders bevatten viscollageen peptiden, uit duurzame vis bronnen en bevat geen kunstmatige toevoegingen. Collageen past goed binnen een bewuste levensstijl. Probeer het zelf en ontdek hoe makkelijk het te gebruiken is!<\/p>\n<p><strong>Natuurlijk collageen van vis<\/strong><\/p>\n<p>100% natuurlijk viscollageen. Het is gehydrolyseerd tot een fijn poeder en is daardoor eenvoudig te mengen. Dit product bevat meer dan 90% eiwit, zonder toevoegingen, en is een uitstekende bron van essenti\u00eble aminozuren. Dankzij de neutrale smaak en uitstekende oplosbaarheid is dit collageenpoeder eenvoudig toe te voegen aan je dagelijkse voeding.<\/p>\n<p><strong>\u2714\u00a0<\/strong>Bevat puur gehydrolyseerd collageenpeptide<br \/>\n<strong>\u2714<\/strong>\u00a0Eenvoudig toe te voegen aan thee, sap of smoothies<br \/>\n<strong>\u2714<\/strong>\u00a0Lost snel op, makkelijk te mengen<br \/>\n\u2714 Collageen is een bron van eiwitten<br \/>\n<strong>\u2714<\/strong>\u00a0Puur en natuurlijk \u2013 zonder toevoegingen, kleurstoffen of smaakstoffen<br \/>\n<strong>\u2714<\/strong>\u00a0Gewonnen uit huid en graat van vis \u2013 het draagt actief bij aan het voorkomen van voedselverspilling<\/p>\n<p><strong>Collageen type 1<\/strong><\/p>\n<p>Viscollageen bestaat voornamelijk uit\u00a0<strong>type I collageen<\/strong>\u00a0en bevat o.a. de aminozuren\u00a0<strong>proline, glycine en hydroxyproline<\/strong><\/p>\n","protected":false},"featured_media":19323,"template":"","meta":[],"product_brand":[],"product_cat":[287],"product_tag":[],"class_list":{"0":"post-19320","1":"product","2":"type-product","3":"status-publish","4":"has-post-thumbnail","6":"product_cat-collageen","8":"first","9":"instock","10":"featured","11":"taxable","12":"shipping-taxable","13":"purchasable","14":"product-type-simple"},"yoast_head":"<!-- This site is optimized with the Yoast SEO plugin v27.4 - https:\/\/yoast.com\/product\/yoast-seo-wordpress\/ -->\n<title>Viscollageen Poeder Kopen - Collageen Per Zak 300 gram - Laagste Prijs<\/title>\n<meta name=\"description\" content=\"Viscollageen Poeder koop je voor een lage prijs bij Viscollageen.nl. Natuurlijk Collageen afkomstig van Duurzame Atlantische kabeljauw\" \/>\n<meta name=\"robots\" content=\"index, follow, max-snippet:-1, max-image-preview:large, max-video-preview:-1\" \/>\n<link rel=\"canonical\" href=\"https:\/\/www.viscollageen.nl\/be\/product\/viscollageen-hydrolysaat\/\" \/>\n<meta property=\"og:locale\" content=\"nl_BE\" \/>\n<meta property=\"og:type\" content=\"article\" \/>\n<meta property=\"og:title\" content=\"Viscollageen Poeder Kopen - Collageen Per Zak 300 gram - Laagste Prijs\" \/>\n<meta property=\"og:description\" content=\"Viscollageen Poeder koop je voor een lage prijs bij Viscollageen.nl. Natuurlijk Collageen afkomstig van Duurzame Atlantische kabeljauw\" \/>\n<meta property=\"og:url\" content=\"https:\/\/www.viscollageen.nl\/be\/product\/viscollageen-hydrolysaat\/\" \/>\n<meta property=\"og:site_name\" content=\"Vis Collageen\" \/>\n<meta property=\"article:modified_time\" content=\"2026-05-04T09:58:13+00:00\" \/>\n<meta property=\"og:image\" content=\"https:\/\/www.viscollageen.nl\/wp-content\/uploads\/2019\/11\/viscollageen-poeder.jpg\" \/>\n\t<meta property=\"og:image:width\" content=\"1000\" \/>\n\t<meta property=\"og:image:height\" content=\"1000\" \/>\n\t<meta property=\"og:image:type\" content=\"image\/jpeg\" \/>\n<meta name=\"twitter:card\" content=\"summary_large_image\" \/>\n<meta name=\"twitter:label1\" content=\"Est. reading time\" \/>\n\t<meta name=\"twitter:data1\" content=\"1 minute\" \/>\n<script type=\"application\/ld+json\" class=\"yoast-schema-graph\">{\"@context\":\"https:\\\/\\\/schema.org\",\"@graph\":[{\"@type\":\"WebPage\",\"@id\":\"https:\\\/\\\/www.viscollageen.nl\\\/be\\\/product\\\/viscollageen-hydrolysaat\\\/\",\"url\":\"https:\\\/\\\/www.viscollageen.nl\\\/be\\\/product\\\/viscollageen-hydrolysaat\\\/\",\"name\":\"Viscollageen Poeder Kopen - Collageen Per Zak 300 gram - Laagste Prijs\",\"isPartOf\":{\"@id\":\"https:\\\/\\\/www.viscollageen.nl\\\/be\\\/#website\"},\"primaryImageOfPage\":{\"@id\":\"https:\\\/\\\/www.viscollageen.nl\\\/be\\\/product\\\/viscollageen-hydrolysaat\\\/#primaryimage\"},\"image\":{\"@id\":\"https:\\\/\\\/www.viscollageen.nl\\\/be\\\/product\\\/viscollageen-hydrolysaat\\\/#primaryimage\"},\"thumbnailUrl\":\"https:\\\/\\\/www.viscollageen.nl\\\/wp-content\\\/uploads\\\/2019\\\/11\\\/viscollageen-poeder.jpg\",\"datePublished\":\"2019-11-12T11:29:18+00:00\",\"dateModified\":\"2026-05-04T09:58:13+00:00\",\"description\":\"Viscollageen Poeder koop je voor een lage prijs bij Viscollageen.nl. Natuurlijk Collageen afkomstig van Duurzame Atlantische kabeljauw\",\"breadcrumb\":{\"@id\":\"https:\\\/\\\/www.viscollageen.nl\\\/be\\\/product\\\/viscollageen-hydrolysaat\\\/#breadcrumb\"},\"inLanguage\":\"nl-BE\",\"potentialAction\":[{\"@type\":\"ReadAction\",\"target\":[\"https:\\\/\\\/www.viscollageen.nl\\\/be\\\/product\\\/viscollageen-hydrolysaat\\\/\"]}]},{\"@type\":\"ImageObject\",\"inLanguage\":\"nl-BE\",\"@id\":\"https:\\\/\\\/www.viscollageen.nl\\\/be\\\/product\\\/viscollageen-hydrolysaat\\\/#primaryimage\",\"url\":\"https:\\\/\\\/www.viscollageen.nl\\\/wp-content\\\/uploads\\\/2019\\\/11\\\/viscollageen-poeder.jpg\",\"contentUrl\":\"https:\\\/\\\/www.viscollageen.nl\\\/wp-content\\\/uploads\\\/2019\\\/11\\\/viscollageen-poeder.jpg\",\"width\":1000,\"height\":1000},{\"@type\":\"BreadcrumbList\",\"@id\":\"https:\\\/\\\/www.viscollageen.nl\\\/be\\\/product\\\/viscollageen-hydrolysaat\\\/#breadcrumb\",\"itemListElement\":[{\"@type\":\"ListItem\",\"position\":1,\"name\":\"Home\",\"item\":\"https:\\\/\\\/www.viscollageen.nl\\\/be\\\/\"},{\"@type\":\"ListItem\",\"position\":2,\"name\":\"Producten\",\"item\":\"https:\\\/\\\/www.viscollageen.nl\\\/be\\\/producten\\\/\"},{\"@type\":\"ListItem\",\"position\":3,\"name\":\"Viscollageen Hydrolysaat Poeder\"}]},{\"@type\":\"WebSite\",\"@id\":\"https:\\\/\\\/www.viscollageen.nl\\\/be\\\/#website\",\"url\":\"https:\\\/\\\/www.viscollageen.nl\\\/be\\\/\",\"name\":\"Vis Collageen\",\"description\":\"Puur collageen puur resultaat\",\"publisher\":{\"@id\":\"https:\\\/\\\/www.viscollageen.nl\\\/be\\\/#organization\"},\"potentialAction\":[{\"@type\":\"SearchAction\",\"target\":{\"@type\":\"EntryPoint\",\"urlTemplate\":\"https:\\\/\\\/www.viscollageen.nl\\\/be\\\/?s={search_term_string}\"},\"query-input\":{\"@type\":\"PropertyValueSpecification\",\"valueRequired\":true,\"valueName\":\"search_term_string\"}}],\"inLanguage\":\"nl-BE\"},{\"@type\":\"Organization\",\"@id\":\"https:\\\/\\\/www.viscollageen.nl\\\/be\\\/#organization\",\"name\":\"Vis Collageen\",\"url\":\"https:\\\/\\\/www.viscollageen.nl\\\/be\\\/\",\"logo\":{\"@type\":\"ImageObject\",\"inLanguage\":\"nl-BE\",\"@id\":\"https:\\\/\\\/www.viscollageen.nl\\\/be\\\/#\\\/schema\\\/logo\\\/image\\\/\",\"url\":\"https:\\\/\\\/www.viscollageen.nl\\\/wp-content\\\/uploads\\\/2023\\\/11\\\/logo_cropped.png\",\"contentUrl\":\"https:\\\/\\\/www.viscollageen.nl\\\/wp-content\\\/uploads\\\/2023\\\/11\\\/logo_cropped.png\",\"width\":1658,\"height\":320,\"caption\":\"Vis Collageen\"},\"image\":{\"@id\":\"https:\\\/\\\/www.viscollageen.nl\\\/be\\\/#\\\/schema\\\/logo\\\/image\\\/\"}}]}<\/script>\n<!-- \/ Yoast SEO plugin. -->","yoast_head_json":{"title":"Viscollageen Poeder Kopen - Collageen Per Zak 300 gram - Laagste Prijs","description":"Viscollageen Poeder koop je voor een lage prijs bij Viscollageen.nl. Natuurlijk Collageen afkomstig van Duurzame Atlantische kabeljauw","robots":{"index":"index","follow":"follow","max-snippet":"max-snippet:-1","max-image-preview":"max-image-preview:large","max-video-preview":"max-video-preview:-1"},"canonical":"https:\/\/www.viscollageen.nl\/be\/product\/viscollageen-hydrolysaat\/","og_locale":"nl_BE","og_type":"article","og_title":"Viscollageen Poeder Kopen - Collageen Per Zak 300 gram - Laagste Prijs","og_description":"Viscollageen Poeder koop je voor een lage prijs bij Viscollageen.nl. Natuurlijk Collageen afkomstig van Duurzame Atlantische kabeljauw","og_url":"https:\/\/www.viscollageen.nl\/be\/product\/viscollageen-hydrolysaat\/","og_site_name":"Vis Collageen","article_modified_time":"2026-05-04T09:58:13+00:00","og_image":[{"width":1000,"height":1000,"url":"https:\/\/www.viscollageen.nl\/wp-content\/uploads\/2019\/11\/viscollageen-poeder.jpg","type":"image\/jpeg"}],"twitter_card":"summary_large_image","twitter_misc":{"Est. reading time":"1 minute"},"schema":{"@context":"https:\/\/schema.org","@graph":[{"@type":"WebPage","@id":"https:\/\/www.viscollageen.nl\/be\/product\/viscollageen-hydrolysaat\/","url":"https:\/\/www.viscollageen.nl\/be\/product\/viscollageen-hydrolysaat\/","name":"Viscollageen Poeder Kopen - Collageen Per Zak 300 gram - Laagste Prijs","isPartOf":{"@id":"https:\/\/www.viscollageen.nl\/be\/#website"},"primaryImageOfPage":{"@id":"https:\/\/www.viscollageen.nl\/be\/product\/viscollageen-hydrolysaat\/#primaryimage"},"image":{"@id":"https:\/\/www.viscollageen.nl\/be\/product\/viscollageen-hydrolysaat\/#primaryimage"},"thumbnailUrl":"https:\/\/www.viscollageen.nl\/wp-content\/uploads\/2019\/11\/viscollageen-poeder.jpg","datePublished":"2019-11-12T11:29:18+00:00","dateModified":"2026-05-04T09:58:13+00:00","description":"Viscollageen Poeder koop je voor een lage prijs bij Viscollageen.nl. Natuurlijk Collageen afkomstig van Duurzame Atlantische kabeljauw","breadcrumb":{"@id":"https:\/\/www.viscollageen.nl\/be\/product\/viscollageen-hydrolysaat\/#breadcrumb"},"inLanguage":"nl-BE","potentialAction":[{"@type":"ReadAction","target":["https:\/\/www.viscollageen.nl\/be\/product\/viscollageen-hydrolysaat\/"]}]},{"@type":"ImageObject","inLanguage":"nl-BE","@id":"https:\/\/www.viscollageen.nl\/be\/product\/viscollageen-hydrolysaat\/#primaryimage","url":"https:\/\/www.viscollageen.nl\/wp-content\/uploads\/2019\/11\/viscollageen-poeder.jpg","contentUrl":"https:\/\/www.viscollageen.nl\/wp-content\/uploads\/2019\/11\/viscollageen-poeder.jpg","width":1000,"height":1000},{"@type":"BreadcrumbList","@id":"https:\/\/www.viscollageen.nl\/be\/product\/viscollageen-hydrolysaat\/#breadcrumb","itemListElement":[{"@type":"ListItem","position":1,"name":"Home","item":"https:\/\/www.viscollageen.nl\/be\/"},{"@type":"ListItem","position":2,"name":"Producten","item":"https:\/\/www.viscollageen.nl\/be\/producten\/"},{"@type":"ListItem","position":3,"name":"Viscollageen Hydrolysaat Poeder"}]},{"@type":"WebSite","@id":"https:\/\/www.viscollageen.nl\/be\/#website","url":"https:\/\/www.viscollageen.nl\/be\/","name":"Vis Collageen","description":"Puur collageen puur resultaat","publisher":{"@id":"https:\/\/www.viscollageen.nl\/be\/#organization"},"potentialAction":[{"@type":"SearchAction","target":{"@type":"EntryPoint","urlTemplate":"https:\/\/www.viscollageen.nl\/be\/?s={search_term_string}"},"query-input":{"@type":"PropertyValueSpecification","valueRequired":true,"valueName":"search_term_string"}}],"inLanguage":"nl-BE"},{"@type":"Organization","@id":"https:\/\/www.viscollageen.nl\/be\/#organization","name":"Vis Collageen","url":"https:\/\/www.viscollageen.nl\/be\/","logo":{"@type":"ImageObject","inLanguage":"nl-BE","@id":"https:\/\/www.viscollageen.nl\/be\/#\/schema\/logo\/image\/","url":"https:\/\/www.viscollageen.nl\/wp-content\/uploads\/2023\/11\/logo_cropped.png","contentUrl":"https:\/\/www.viscollageen.nl\/wp-content\/uploads\/2023\/11\/logo_cropped.png","width":1658,"height":320,"caption":"Vis Collageen"},"image":{"@id":"https:\/\/www.viscollageen.nl\/be\/#\/schema\/logo\/image\/"}}]}},"_links":{"self":[{"href":"https:\/\/www.viscollageen.nl\/be\/wp-json\/wp\/v2\/product\/19320","targetHints":{"allow":["GET"]}}],"collection":[{"href":"https:\/\/www.viscollageen.nl\/be\/wp-json\/wp\/v2\/product"}],"about":[{"href":"https:\/\/www.viscollageen.nl\/be\/wp-json\/wp\/v2\/types\/product"}],"wp:featuredmedia":[{"embeddable":true,"href":"https:\/\/www.viscollageen.nl\/be\/wp-json\/wp\/v2\/media\/19323"}],"wp:attachment":[{"href":"https:\/\/www.viscollageen.nl\/be\/wp-json\/wp\/v2\/media?parent=19320"}],"wp:term":[{"taxonomy":"product_brand","embeddable":true,"href":"https:\/\/www.viscollageen.nl\/be\/wp-json\/wp\/v2\/product_brand?post=19320"},{"taxonomy":"product_cat","embeddable":true,"href":"https:\/\/www.viscollageen.nl\/be\/wp-json\/wp\/v2\/product_cat?post=19320"},{"taxonomy":"product_tag","embeddable":true,"href":"https:\/\/www.viscollageen.nl\/be\/wp-json\/wp\/v2\/product_tag?post=19320"}],"curies":[{"name":"wp","href":"https:\/\/api.w.org\/{rel}","templated":true}]}}